{"id":1438,"date":"2013-03-15T20:09:54","date_gmt":"2013-03-15T17:09:54","guid":{"rendered":"https:\/\/www.achilleoshotel.com\/?page_id=1438"},"modified":"2015-01-06T22:10:42","modified_gmt":"2015-01-06T19:10:42","slug":"das-hotel","status":"publish","type":"page","link":"https:\/\/www.achilleoshotel.com\/de\/das-hotel","title":{"rendered":"Das Hotel"},"content":{"rendered":"<h1>Achilleos City Hotel Larnaca<\/h1>\n<p><img loading=\"lazy\" decoding=\"async\" class=\"alignnone size-full wp-image-959\" title=\"Achilleos Larnaca City Hotel\" alt=\"Achilleos Larnaca City Hotel\" src=\"https:\/\/www.achilleoshotel.com\/wp-content\/uploads\/2011\/09\/achilleos-hotel1.jpg\" width=\"530\" height=\"250\" \/><\/p>\n<p>Eine perfekte Mischung aus einzigartigem Design und wahrem Komfort, f\u00fcr Ihre privaten wie auch gesch\u00e4ftliche Bed\u00fcrfnisse, im Herzen von Larnaka<\/p>\n<p><iframe loading=\"lazy\" width=\"530\" height=\"298\" src=\"\/\/www.youtube.com\/embed\/HqaV6C45kj8\" frameborder=\"0\" allowfullscreen><\/iframe><\/p>\n<p>Egal ob gesch\u00e4ftlich oder privat, Achilleos City Hotel bietet Ihnen den perfekten St\u00e4dtetrip. Ein renoviertes, zeitgen\u00f6ssisches Hotel mit modernem Interieur gepaart mit der W\u00e4rme und Komfort, den Sie ben\u00f6tigen.<\/p>\n<p>&nbsp;<\/p>\n<p>Unser Hotel liegt im Herzen der Stadt Larnaka, abseits vom l\u00e4rmenden Verkehr. In unmittelbarer N\u00e4he unsers Hotels bieten sich viele Gesch\u00e4fts-, Einkaufs-, und Unterhaltungsm\u00f6glichkeiten. Der ber\u00fchmte Phinikoudes Strand, mit seiner von B\u00e4umen ges\u00e4umten Promenade, liegt nur 50 Meter vom Hotel entfernt und zum Flughafen von Larnaka gelangen Sie innerhalb von 10 Minuten. Das Achilleos City Hotel erf\u00fcllt alle Ihre Anspr\u00fcche, die Sie an ein Hotel stellen. Die ausgefeilte Mischung aus Stil und Komfort sowie der einladenden und angenehmen Service, werden Ihren Aufenthalt unvergesslich machen<\/p>\n","protected":false},"excerpt":{"rendered":"<p>Achilleos City Hotel Larnaca Eine perfekte Mischung aus einzigartigem Design und wahrem Komfort, f\u00fcr Ihre privaten wie auch gesch\u00e4ftliche Bed\u00fcrfnisse, im Herzen von Larnaka Egal ob gesch\u00e4ftlich oder privat, Achilleos City Hotel bietet Ihnen den perfekten St\u00e4dtetrip. Ein renoviertes, zeitgen\u00f6ssisches Hotel mit modernem Interieur gepaart mit der W\u00e4rme und Komfort, den Sie ben\u00f6tigen. &nbsp; Unser&#8230;<\/p>\n","protected":false},"author":7,"featured_media":0,"parent":0,"menu_order":0,"comment_status":"closed","ping_status":"closed","template":"","meta":{"ngg_post_thumbnail":0,"footnotes":""},"aioseo_notices":[],"_links":{"self":[{"href":"https:\/\/www.achilleoshotel.com\/de\/wp-json\/wp\/v2\/pages\/1438"}],"collection":[{"href":"https:\/\/www.achilleoshotel.com\/de\/wp-json\/wp\/v2\/pages"}],"about":[{"href":"https:\/\/www.achilleoshotel.com\/de\/wp-json\/wp\/v2\/types\/page"}],"author":[{"embeddable":true,"href":"https:\/\/www.achilleoshotel.com\/de\/wp-json\/wp\/v2\/users\/7"}],"replies":[{"embeddable":true,"href":"https:\/\/www.achilleoshotel.com\/de\/wp-json\/wp\/v2\/comments?post=1438"}],"version-history":[{"count":0,"href":"https:\/\/www.achilleoshotel.com\/de\/wp-json\/wp\/v2\/pages\/1438\/revisions"}],"wp:attachment":[{"href":"https:\/\/www.achilleoshotel.com\/de\/wp-json\/wp\/v2\/media?parent=1438"}],"curies":[{"name":"wp","href":"https:\/\/api.w.org\/{rel}","templated":true}]}}