{"id":1655,"date":"2013-08-31T13:44:37","date_gmt":"2013-08-31T10:44:37","guid":{"rendered":"https:\/\/www.achilleoshotel.com\/?page_id=1655"},"modified":"2013-09-01T10:44:06","modified_gmt":"2013-09-01T07:44:06","slug":"uber-zypern","status":"publish","type":"page","link":"https:\/\/www.achilleoshotel.com\/de\/das-hotel\/uber-zypern","title":{"rendered":"\u00dcber Zypern"},"content":{"rendered":"<h1>\u00dcber Zypern<\/h1>\n<p><img loading=\"lazy\" decoding=\"async\" class=\"alignnone size-full wp-image-707\" title=\"About Cyprus\" alt=\"About Cyprus\" src=\"https:\/\/www.achilleoshotel.com\/wp-content\/uploads\/2011\/08\/about-cyprus.jpg\" width=\"530\" height=\"250\" \/><\/p>\n<p>Zypern ist eine wundersch\u00f6ne Insel im nord\u00f6stlichen Teil des Mittelmeers an der Kreuzung zwischen Europa, Asien und Afrika. Im Laufe der Jahrhunderte war Zypern ein Treffpunkt der Zivilisationen und Kulturen. Zypern ist die drittgr\u00f6\u00dfte Insel im Mittelmeer mit einer Bev\u00f6lkerung von etwa 900.000. Die Insel verf\u00fcgt \u00fcber hervorragende Berglandschaften, W\u00e4lder, faszinierende K\u00fcsten und Str\u00e4nde und hat ein reiches historisches und arch\u00e4ologisches Erbe, das Zeugnis der langen und vielf\u00e4ltigen Geschichte ist.<\/p>\n<p>Im Mai 2004 trat Zypern der Europ\u00e4ischen Union bei und wurde dessen \u00f6stlichster sowie s\u00fcdlichster Au\u00dfenposten. Seit Januar 2008 ist der Euro (\u20ac) das Zahlungsmittel auf Zypern.<\/p>\n<p>Zypern hat ein wunderbares mediterranes Klima mit langen, trockenen Sommern von Mitte Mai bis Mitte Oktober und reichlich Sonnenschein das ganze Jahr \u00fcber. Temperatur- und Niederschlagsunterschiede h\u00e4ngen zu einem Gro\u00dfteil von der H\u00f6he ab, werden aber auch zu einem kleinen Teil durch die Entfernung zur K\u00fcste beeinflusst. Das herrliche Klima der Insel bietet endlose M\u00f6glichkeiten f\u00fcr Naturliebhaber.<\/p>\n<p>Die Wirtschaft des Landes boomt und in den letzten Jahren hat sich Zypern zu einem der f\u00fchrenden Gesch\u00e4fts-und Finanzzentren in der Region entwickelt. Verschiedene Sektoren der Wirtschaft, wie Tourismus, Banken, Versicherungen und Telekommunikation sind Aush\u00e4ngeschilder der Wirtschaft.<\/p>\n<p>&nbsp;<\/p>\n<p>F\u00fcr weitere Informationen:<\/p>\n<p><a href=\"http:\/\/www.visitcyprus.com\/\" target=\"_blank\">http:\/\/www.visitcyprus.com<\/a><br \/>\n<a href=\"http:\/\/www.aspectsofcyprus.com\/\" target=\"_blank\">http:\/\/www.aspectsofcyprus.com<\/a><\/p>\n","protected":false},"excerpt":{"rendered":"<p>\u00dcber Zypern Zypern ist eine wundersch\u00f6ne Insel im nord\u00f6stlichen Teil des Mittelmeers an der Kreuzung zwischen Europa, Asien und Afrika. Im Laufe der Jahrhunderte war Zypern ein Treffpunkt der Zivilisationen und Kulturen. Zypern ist die drittgr\u00f6\u00dfte Insel im Mittelmeer mit einer Bev\u00f6lkerung von etwa 900.000. Die Insel verf\u00fcgt \u00fcber hervorragende Berglandschaften, W\u00e4lder, faszinierende K\u00fcsten und&#8230;<\/p>\n","protected":false},"author":7,"featured_media":0,"parent":1438,"menu_order":0,"comment_status":"closed","ping_status":"closed","template":"","meta":{"ngg_post_thumbnail":0,"footnotes":""},"aioseo_notices":[],"_links":{"self":[{"href":"https:\/\/www.achilleoshotel.com\/de\/wp-json\/wp\/v2\/pages\/1655"}],"collection":[{"href":"https:\/\/www.achilleoshotel.com\/de\/wp-json\/wp\/v2\/pages"}],"about":[{"href":"https:\/\/www.achilleoshotel.com\/de\/wp-json\/wp\/v2\/types\/page"}],"author":[{"embeddable":true,"href":"https:\/\/www.achilleoshotel.com\/de\/wp-json\/wp\/v2\/users\/7"}],"replies":[{"embeddable":true,"href":"https:\/\/www.achilleoshotel.com\/de\/wp-json\/wp\/v2\/comments?post=1655"}],"version-history":[{"count":0,"href":"https:\/\/www.achilleoshotel.com\/de\/wp-json\/wp\/v2\/pages\/1655\/revisions"}],"up":[{"embeddable":true,"href":"https:\/\/www.achilleoshotel.com\/de\/wp-json\/wp\/v2\/pages\/1438"}],"wp:attachment":[{"href":"https:\/\/www.achilleoshotel.com\/de\/wp-json\/wp\/v2\/media?parent=1655"}],"curies":[{"name":"wp","href":"https:\/\/api.w.org\/{rel}","templated":true}]}}