{"id":1675,"date":"2013-08-31T16:46:42","date_gmt":"2013-08-31T13:46:42","guid":{"rendered":"https:\/\/www.achilleoshotel.com\/?page_id=1675"},"modified":"2013-09-01T11:00:23","modified_gmt":"2013-09-01T08:00:23","slug":"zimmeruberblick","status":"publish","type":"page","link":"https:\/\/www.achilleoshotel.com\/de\/zimmeruberblick","title":{"rendered":"Zimmer\u00fcberblick"},"content":{"rendered":"<h1>Zimmer\u00fcberblick<\/h1>\n<p>Alle Zimmer im Achilleos City Hotel sind mit viel Liebe zum Detail, innovativen Materialien und mit modernster Technik wie LCD-Fernsehern und der vollen Bandbreite an Anschlussm\u00f6glichkeiten eingerichtet worden, um ein perfektes Umfeld aus modernem Design und Lifestyle zu schaffen. Besondere Aufmerksamkeit wurde dabei auf die Raumdekoration gelegt, wodurch eine Fusion von Erd- und Meerelementen entstanden ist.<\/p>\n<p>Wir wollen Ihnen einen angenehmen und beruhigenden Aufenthalt in unserem Hotel bieten und legen dabei viel Wert darauf, dass alle Faktoren, angefangen beim hochwertigem Bett bis hin zur LED-Beleuchtung, zusammen passen, um eine sch\u00f6ne und entspannte Atmosph\u00e4re, die Ihren Bed\u00fcrfnissen entspricht, zu schaffen.<\/p>\n<p>&nbsp;<\/p>\n<!-- default-view.php -->\n<div\n\tclass=\"ngg-galleryoverview default-view \n\t ngg-ajax-pagination-none\t\"\n\tid=\"ngg-gallery-43eb2fa56527a1e3eaf3f7fc378e669f-1\">\n\n\t\t<!-- Thumbnails -->\n\t\t\t\t<div id=\"ngg-image-0\" class=\"ngg-gallery-thumbnail-box \n\t\t\t\t\t\t\t\t\t\t\t\" \n\t\t\t>\n\t\t\t\t\t\t<div class=\"ngg-gallery-thumbnail\">\n\t\t\t<a href=\"https:\/\/www.achilleoshotel.com\/wp-content\/gallery\/rooms-overview\/grand.jpg\"\n\t\t\t\ttitle=\"Achilleos City Hotel - Grand Superior Room\"\n\t\t\t\tdata-src=\"https:\/\/www.achilleoshotel.com\/wp-content\/gallery\/rooms-overview\/grand.jpg\"\n\t\t\t\tdata-thumbnail=\"https:\/\/www.achilleoshotel.com\/wp-content\/gallery\/rooms-overview\/thumbs\/thumbs_grand.jpg\"\n\t\t\t\tdata-image-id=\"23\"\n\t\t\t\tdata-title=\"Achilleos City Hotel - Grand Superior Room\"\n\t\t\t\tdata-description=\"Achilleos City Hotel - Grand Superior Room\"\n\t\t\t\tdata-image-slug=\"achilleos-city-hotel-grand-superior-room-4\"\n\t\t\t\tclass='thickbox' rel='43eb2fa56527a1e3eaf3f7fc378e669f'>\n\t\t\t\t<img\n\t\t\t\t\ttitle=\"Achilleos City Hotel - Grand Superior Room\"\n\t\t\t\t\talt=\"Achilleos City Hotel - Grand Superior Room\"\n\t\t\t\t\tsrc=\"https:\/\/www.achilleoshotel.com\/wp-content\/gallery\/rooms-overview\/thumbs\/thumbs_grand.jpg\"\n\t\t\t\t\twidth=\"225\"\n\t\t\t\t\theight=\"125\"\n\t\t\t\t\tstyle=\"max-width:100%;\"\n\t\t\t\t\/>\n\t\t\t<\/a>\n\t\t<\/div>\n\t\t\t\t\t\t\t<\/div> \n\t\t\t\n\t\t\t\t<div id=\"ngg-image-1\" class=\"ngg-gallery-thumbnail-box \n\t\t\t\t\t\t\t\t\t\t\t\" \n\t\t\t>\n\t\t\t\t\t\t<div class=\"ngg-gallery-thumbnail\">\n\t\t\t<a href=\"https:\/\/www.achilleoshotel.com\/wp-content\/gallery\/rooms-overview\/grand-2.jpg\"\n\t\t\t\ttitle=\"Achilleos City Hotel - Grand Superior Room\"\n\t\t\t\tdata-src=\"https:\/\/www.achilleoshotel.com\/wp-content\/gallery\/rooms-overview\/grand-2.jpg\"\n\t\t\t\tdata-thumbnail=\"https:\/\/www.achilleoshotel.com\/wp-content\/gallery\/rooms-overview\/thumbs\/thumbs_grand-2.jpg\"\n\t\t\t\tdata-image-id=\"20\"\n\t\t\t\tdata-title=\"Achilleos City Hotel - Grand Superior Room\"\n\t\t\t\tdata-description=\"Achilleos City Hotel - Grand Superior Room\"\n\t\t\t\tdata-image-slug=\"achilleos-city-hotel-grand-superior-room-5\"\n\t\t\t\tclass='thickbox' rel='43eb2fa56527a1e3eaf3f7fc378e669f'>\n\t\t\t\t<img\n\t\t\t\t\ttitle=\"Achilleos City Hotel - Grand Superior Room\"\n\t\t\t\t\talt=\"Achilleos City Hotel - Grand Superior Room\"\n\t\t\t\t\tsrc=\"https:\/\/www.achilleoshotel.com\/wp-content\/gallery\/rooms-overview\/thumbs\/thumbs_grand-2.jpg\"\n\t\t\t\t\twidth=\"225\"\n\t\t\t\t\theight=\"125\"\n\t\t\t\t\tstyle=\"max-width:100%;\"\n\t\t\t\t\/>\n\t\t\t<\/a>\n\t\t<\/div>\n\t\t\t\t\t\t\t<\/div> \n\t\t\t\n\t\t\t\t<div id=\"ngg-image-2\" class=\"ngg-gallery-thumbnail-box \n\t\t\t\t\t\t\t\t\t\t\t\" \n\t\t\t>\n\t\t\t\t\t\t<div class=\"ngg-gallery-thumbnail\">\n\t\t\t<a href=\"https:\/\/www.achilleoshotel.com\/wp-content\/gallery\/rooms-overview\/grand-3.jpg\"\n\t\t\t\ttitle=\"Achilleos City Hotel - Grand Superior Room\"\n\t\t\t\tdata-src=\"https:\/\/www.achilleoshotel.com\/wp-content\/gallery\/rooms-overview\/grand-3.jpg\"\n\t\t\t\tdata-thumbnail=\"https:\/\/www.achilleoshotel.com\/wp-content\/gallery\/rooms-overview\/thumbs\/thumbs_grand-3.jpg\"\n\t\t\t\tdata-image-id=\"21\"\n\t\t\t\tdata-title=\"Achilleos City Hotel - Grand Superior Room\"\n\t\t\t\tdata-description=\"Achilleos City Hotel - Grand Superior Room\"\n\t\t\t\tdata-image-slug=\"achilleos-city-hotel-grand-superior-room-6\"\n\t\t\t\tclass='thickbox' rel='43eb2fa56527a1e3eaf3f7fc378e669f'>\n\t\t\t\t<img\n\t\t\t\t\ttitle=\"Achilleos City Hotel - Grand Superior Room\"\n\t\t\t\t\talt=\"Achilleos City Hotel - Grand Superior Room\"\n\t\t\t\t\tsrc=\"https:\/\/www.achilleoshotel.com\/wp-content\/gallery\/rooms-overview\/thumbs\/thumbs_grand-3.jpg\"\n\t\t\t\t\twidth=\"225\"\n\t\t\t\t\theight=\"125\"\n\t\t\t\t\tstyle=\"max-width:100%;\"\n\t\t\t\t\/>\n\t\t\t<\/a>\n\t\t<\/div>\n\t\t\t\t\t\t\t<\/div> \n\t\t\t\n\t\t\t\t<div id=\"ngg-image-3\" class=\"ngg-gallery-thumbnail-box \n\t\t\t\t\t\t\t\t\t\t\t\" \n\t\t\t>\n\t\t\t\t\t\t<div class=\"ngg-gallery-thumbnail\">\n\t\t\t<a href=\"https:\/\/www.achilleoshotel.com\/wp-content\/gallery\/rooms-overview\/grand-toilets.jpg\"\n\t\t\t\ttitle=\"Achilleos City Hotel - WC\"\n\t\t\t\tdata-src=\"https:\/\/www.achilleoshotel.com\/wp-content\/gallery\/rooms-overview\/grand-toilets.jpg\"\n\t\t\t\tdata-thumbnail=\"https:\/\/www.achilleoshotel.com\/wp-content\/gallery\/rooms-overview\/thumbs\/thumbs_grand-toilets.jpg\"\n\t\t\t\tdata-image-id=\"22\"\n\t\t\t\tdata-title=\"Achilleos City Hotel - WC\"\n\t\t\t\tdata-description=\"Achilleos City Hotel - WC\"\n\t\t\t\tdata-image-slug=\"achilleos-city-hotel-wc-3\"\n\t\t\t\tclass='thickbox' rel='43eb2fa56527a1e3eaf3f7fc378e669f'>\n\t\t\t\t<img\n\t\t\t\t\ttitle=\"Achilleos City Hotel - WC\"\n\t\t\t\t\talt=\"Achilleos City Hotel - WC\"\n\t\t\t\t\tsrc=\"https:\/\/www.achilleoshotel.com\/wp-content\/gallery\/rooms-overview\/thumbs\/thumbs_grand-toilets.jpg\"\n\t\t\t\t\twidth=\"225\"\n\t\t\t\t\theight=\"125\"\n\t\t\t\t\tstyle=\"max-width:100%;\"\n\t\t\t\t\/>\n\t\t\t<\/a>\n\t\t<\/div>\n\t\t\t\t\t\t\t<\/div> \n\t\t\t\n\t\t\t\t<div id=\"ngg-image-4\" class=\"ngg-gallery-thumbnail-box \n\t\t\t\t\t\t\t\t\t\t\t\" \n\t\t\t>\n\t\t\t\t\t\t<div class=\"ngg-gallery-thumbnail\">\n\t\t\t<a href=\"https:\/\/www.achilleoshotel.com\/wp-content\/gallery\/rooms-overview\/standard.jpg\"\n\t\t\t\ttitle=\"Achilleos City Hotel - Standard Room\"\n\t\t\t\tdata-src=\"https:\/\/www.achilleoshotel.com\/wp-content\/gallery\/rooms-overview\/standard.jpg\"\n\t\t\t\tdata-thumbnail=\"https:\/\/www.achilleoshotel.com\/wp-content\/gallery\/rooms-overview\/thumbs\/thumbs_standard.jpg\"\n\t\t\t\tdata-image-id=\"25\"\n\t\t\t\tdata-title=\"Achilleos City Hotel - Standard Room\"\n\t\t\t\tdata-description=\"Achilleos City Hotel - Standard Room\"\n\t\t\t\tdata-image-slug=\"achilleos-city-hotel-standard-room-4\"\n\t\t\t\tclass='thickbox' rel='43eb2fa56527a1e3eaf3f7fc378e669f'>\n\t\t\t\t<img\n\t\t\t\t\ttitle=\"Achilleos City Hotel - Standard Room\"\n\t\t\t\t\talt=\"Achilleos City Hotel - Standard Room\"\n\t\t\t\t\tsrc=\"https:\/\/www.achilleoshotel.com\/wp-content\/gallery\/rooms-overview\/thumbs\/thumbs_standard.jpg\"\n\t\t\t\t\twidth=\"225\"\n\t\t\t\t\theight=\"125\"\n\t\t\t\t\tstyle=\"max-width:100%;\"\n\t\t\t\t\/>\n\t\t\t<\/a>\n\t\t<\/div>\n\t\t\t\t\t\t\t<\/div> \n\t\t\t\n\t\t\t\t<div id=\"ngg-image-5\" class=\"ngg-gallery-thumbnail-box \n\t\t\t\t\t\t\t\t\t\t\t\" \n\t\t\t>\n\t\t\t\t\t\t<div class=\"ngg-gallery-thumbnail\">\n\t\t\t<a href=\"https:\/\/www.achilleoshotel.com\/wp-content\/gallery\/rooms-overview\/standard1.jpg\"\n\t\t\t\ttitle=\"Achilleos City Hotel - Standard Room\"\n\t\t\t\tdata-src=\"https:\/\/www.achilleoshotel.com\/wp-content\/gallery\/rooms-overview\/standard1.jpg\"\n\t\t\t\tdata-thumbnail=\"https:\/\/www.achilleoshotel.com\/wp-content\/gallery\/rooms-overview\/thumbs\/thumbs_standard1.jpg\"\n\t\t\t\tdata-image-id=\"26\"\n\t\t\t\tdata-title=\"Achilleos City Hotel - Standard Room\"\n\t\t\t\tdata-description=\"Achilleos City Hotel - Standard Room\"\n\t\t\t\tdata-image-slug=\"achilleos-city-hotel-standard-room-5\"\n\t\t\t\tclass='thickbox' rel='43eb2fa56527a1e3eaf3f7fc378e669f'>\n\t\t\t\t<img\n\t\t\t\t\ttitle=\"Achilleos City Hotel - Standard Room\"\n\t\t\t\t\talt=\"Achilleos City Hotel - Standard Room\"\n\t\t\t\t\tsrc=\"https:\/\/www.achilleoshotel.com\/wp-content\/gallery\/rooms-overview\/thumbs\/thumbs_standard1.jpg\"\n\t\t\t\t\twidth=\"225\"\n\t\t\t\t\theight=\"125\"\n\t\t\t\t\tstyle=\"max-width:100%;\"\n\t\t\t\t\/>\n\t\t\t<\/a>\n\t\t<\/div>\n\t\t\t\t\t\t\t<\/div> \n\t\t\t\n\t\t\t\t<div id=\"ngg-image-6\" class=\"ngg-gallery-thumbnail-box \n\t\t\t\t\t\t\t\t\t\t\t\" \n\t\t\t>\n\t\t\t\t\t\t<div class=\"ngg-gallery-thumbnail\">\n\t\t\t<a href=\"https:\/\/www.achilleoshotel.com\/wp-content\/gallery\/rooms-overview\/standard-2.jpg\"\n\t\t\t\ttitle=\"Achilleos City Hotel - Standard Room\"\n\t\t\t\tdata-src=\"https:\/\/www.achilleoshotel.com\/wp-content\/gallery\/rooms-overview\/standard-2.jpg\"\n\t\t\t\tdata-thumbnail=\"https:\/\/www.achilleoshotel.com\/wp-content\/gallery\/rooms-overview\/thumbs\/thumbs_standard-2.jpg\"\n\t\t\t\tdata-image-id=\"24\"\n\t\t\t\tdata-title=\"Achilleos City Hotel - Standard Room\"\n\t\t\t\tdata-description=\"Achilleos City Hotel - Standard Room\"\n\t\t\t\tdata-image-slug=\"achilleos-city-hotel-standard-room-6\"\n\t\t\t\tclass='thickbox' rel='43eb2fa56527a1e3eaf3f7fc378e669f'>\n\t\t\t\t<img\n\t\t\t\t\ttitle=\"Achilleos City Hotel - Standard Room\"\n\t\t\t\t\talt=\"Achilleos City Hotel - Standard Room\"\n\t\t\t\t\tsrc=\"https:\/\/www.achilleoshotel.com\/wp-content\/gallery\/rooms-overview\/thumbs\/thumbs_standard-2.jpg\"\n\t\t\t\t\twidth=\"225\"\n\t\t\t\t\theight=\"125\"\n\t\t\t\t\tstyle=\"max-width:100%;\"\n\t\t\t\t\/>\n\t\t\t<\/a>\n\t\t<\/div>\n\t\t\t\t\t\t\t<\/div> \n\t\t\t\n\t\t\t\t<div id=\"ngg-image-7\" class=\"ngg-gallery-thumbnail-box \n\t\t\t\t\t\t\t\t\t\t\t\" \n\t\t\t>\n\t\t\t\t\t\t<div class=\"ngg-gallery-thumbnail\">\n\t\t\t<a href=\"https:\/\/www.achilleoshotel.com\/wp-content\/gallery\/rooms-overview\/superior.jpg\"\n\t\t\t\ttitle=\"Achilleos City Hotel - Superior Room\"\n\t\t\t\tdata-src=\"https:\/\/www.achilleoshotel.com\/wp-content\/gallery\/rooms-overview\/superior.jpg\"\n\t\t\t\tdata-thumbnail=\"https:\/\/www.achilleoshotel.com\/wp-content\/gallery\/rooms-overview\/thumbs\/thumbs_superior.jpg\"\n\t\t\t\tdata-image-id=\"27\"\n\t\t\t\tdata-title=\"Achilleos City Hotel - Superior Room\"\n\t\t\t\tdata-description=\"Achilleos City Hotel - Superior Room\"\n\t\t\t\tdata-image-slug=\"achilleos-city-hotel-superior-room-4\"\n\t\t\t\tclass='thickbox' rel='43eb2fa56527a1e3eaf3f7fc378e669f'>\n\t\t\t\t<img\n\t\t\t\t\ttitle=\"Achilleos City Hotel - Superior Room\"\n\t\t\t\t\talt=\"Achilleos City Hotel - Superior Room\"\n\t\t\t\t\tsrc=\"https:\/\/www.achilleoshotel.com\/wp-content\/gallery\/rooms-overview\/thumbs\/thumbs_superior.jpg\"\n\t\t\t\t\twidth=\"225\"\n\t\t\t\t\theight=\"125\"\n\t\t\t\t\tstyle=\"max-width:100%;\"\n\t\t\t\t\/>\n\t\t\t<\/a>\n\t\t<\/div>\n\t\t\t\t\t\t\t<\/div> \n\t\t\t\n\t\t\t\t<div id=\"ngg-image-8\" class=\"ngg-gallery-thumbnail-box \n\t\t\t\t\t\t\t\t\t\t\t\" \n\t\t\t>\n\t\t\t\t\t\t<div class=\"ngg-gallery-thumbnail\">\n\t\t\t<a href=\"https:\/\/www.achilleoshotel.com\/wp-content\/gallery\/rooms-overview\/superior1.jpg\"\n\t\t\t\ttitle=\"Achilleos City Hotel - Superior Room\"\n\t\t\t\tdata-src=\"https:\/\/www.achilleoshotel.com\/wp-content\/gallery\/rooms-overview\/superior1.jpg\"\n\t\t\t\tdata-thumbnail=\"https:\/\/www.achilleoshotel.com\/wp-content\/gallery\/rooms-overview\/thumbs\/thumbs_superior1.jpg\"\n\t\t\t\tdata-image-id=\"28\"\n\t\t\t\tdata-title=\"Achilleos City Hotel - Superior Room\"\n\t\t\t\tdata-description=\"Achilleos City Hotel - Superior Room\"\n\t\t\t\tdata-image-slug=\"achilleos-city-hotel-superior-room-5\"\n\t\t\t\tclass='thickbox' rel='43eb2fa56527a1e3eaf3f7fc378e669f'>\n\t\t\t\t<img\n\t\t\t\t\ttitle=\"Achilleos City Hotel - Superior Room\"\n\t\t\t\t\talt=\"Achilleos City Hotel - Superior Room\"\n\t\t\t\t\tsrc=\"https:\/\/www.achilleoshotel.com\/wp-content\/gallery\/rooms-overview\/thumbs\/thumbs_superior1.jpg\"\n\t\t\t\t\twidth=\"225\"\n\t\t\t\t\theight=\"125\"\n\t\t\t\t\tstyle=\"max-width:100%;\"\n\t\t\t\t\/>\n\t\t\t<\/a>\n\t\t<\/div>\n\t\t\t\t\t\t\t<\/div> \n\t\t\t\n\t\t\t\t<div id=\"ngg-image-9\" class=\"ngg-gallery-thumbnail-box \n\t\t\t\t\t\t\t\t\t\t\t\" \n\t\t\t>\n\t\t\t\t\t\t<div class=\"ngg-gallery-thumbnail\">\n\t\t\t<a href=\"https:\/\/www.achilleoshotel.com\/wp-content\/gallery\/rooms-overview\/superior12.jpg\"\n\t\t\t\ttitle=\"Achilleos City Hotel - Superior Room\"\n\t\t\t\tdata-src=\"https:\/\/www.achilleoshotel.com\/wp-content\/gallery\/rooms-overview\/superior12.jpg\"\n\t\t\t\tdata-thumbnail=\"https:\/\/www.achilleoshotel.com\/wp-content\/gallery\/rooms-overview\/thumbs\/thumbs_superior12.jpg\"\n\t\t\t\tdata-image-id=\"29\"\n\t\t\t\tdata-title=\"Achilleos City Hotel - Superior Room\"\n\t\t\t\tdata-description=\"Achilleos City Hotel - Superior Room\"\n\t\t\t\tdata-image-slug=\"achilleos-city-hotel-superior-room-6\"\n\t\t\t\tclass='thickbox' rel='43eb2fa56527a1e3eaf3f7fc378e669f'>\n\t\t\t\t<img\n\t\t\t\t\ttitle=\"Achilleos City Hotel - Superior Room\"\n\t\t\t\t\talt=\"Achilleos City Hotel - Superior Room\"\n\t\t\t\t\tsrc=\"https:\/\/www.achilleoshotel.com\/wp-content\/gallery\/rooms-overview\/thumbs\/thumbs_superior12.jpg\"\n\t\t\t\t\twidth=\"225\"\n\t\t\t\t\theight=\"125\"\n\t\t\t\t\tstyle=\"max-width:100%;\"\n\t\t\t\t\/>\n\t\t\t<\/a>\n\t\t<\/div>\n\t\t\t\t\t\t\t<\/div> \n\t\t\t\n\t\t\t\t<div id=\"ngg-image-10\" class=\"ngg-gallery-thumbnail-box \n\t\t\t\t\t\t\t\t\t\t\t\" \n\t\t\t>\n\t\t\t\t\t\t<div class=\"ngg-gallery-thumbnail\">\n\t\t\t<a href=\"https:\/\/www.achilleoshotel.com\/wp-content\/gallery\/rooms-overview\/toilet.jpg\"\n\t\t\t\ttitle=\"Achilleos City Hotel - WC\"\n\t\t\t\tdata-src=\"https:\/\/www.achilleoshotel.com\/wp-content\/gallery\/rooms-overview\/toilet.jpg\"\n\t\t\t\tdata-thumbnail=\"https:\/\/www.achilleoshotel.com\/wp-content\/gallery\/rooms-overview\/thumbs\/thumbs_toilet.jpg\"\n\t\t\t\tdata-image-id=\"30\"\n\t\t\t\tdata-title=\"Achilleos City Hotel - WC\"\n\t\t\t\tdata-description=\"Achilleos City Hotel - WC\"\n\t\t\t\tdata-image-slug=\"achilleos-city-hotel-wc-4\"\n\t\t\t\tclass='thickbox' rel='43eb2fa56527a1e3eaf3f7fc378e669f'>\n\t\t\t\t<img\n\t\t\t\t\ttitle=\"Achilleos City Hotel - WC\"\n\t\t\t\t\talt=\"Achilleos City Hotel - WC\"\n\t\t\t\t\tsrc=\"https:\/\/www.achilleoshotel.com\/wp-content\/gallery\/rooms-overview\/thumbs\/thumbs_toilet.jpg\"\n\t\t\t\t\twidth=\"225\"\n\t\t\t\t\theight=\"125\"\n\t\t\t\t\tstyle=\"max-width:100%;\"\n\t\t\t\t\/>\n\t\t\t<\/a>\n\t\t<\/div>\n\t\t\t\t\t\t\t<\/div> \n\t\t\t\n\t\t\t\t<div id=\"ngg-image-11\" class=\"ngg-gallery-thumbnail-box \n\t\t\t\t\t\t\t\t\t\t\t\" \n\t\t\t>\n\t\t\t\t\t\t<div class=\"ngg-gallery-thumbnail\">\n\t\t\t<a href=\"https:\/\/www.achilleoshotel.com\/wp-content\/gallery\/rooms-overview\/veranda.jpg\"\n\t\t\t\ttitle=\"Achilleos City Hotel - Veranda\"\n\t\t\t\tdata-src=\"https:\/\/www.achilleoshotel.com\/wp-content\/gallery\/rooms-overview\/veranda.jpg\"\n\t\t\t\tdata-thumbnail=\"https:\/\/www.achilleoshotel.com\/wp-content\/gallery\/rooms-overview\/thumbs\/thumbs_veranda.jpg\"\n\t\t\t\tdata-image-id=\"31\"\n\t\t\t\tdata-title=\"Achilleos City Hotel - Veranda\"\n\t\t\t\tdata-description=\"Achilleos City Hotel - Veranda\"\n\t\t\t\tdata-image-slug=\"achilleos-city-hotel-veranda-4\"\n\t\t\t\tclass='thickbox' rel='43eb2fa56527a1e3eaf3f7fc378e669f'>\n\t\t\t\t<img\n\t\t\t\t\ttitle=\"Achilleos City Hotel - Veranda\"\n\t\t\t\t\talt=\"Achilleos City Hotel - Veranda\"\n\t\t\t\t\tsrc=\"https:\/\/www.achilleoshotel.com\/wp-content\/gallery\/rooms-overview\/thumbs\/thumbs_veranda.jpg\"\n\t\t\t\t\twidth=\"225\"\n\t\t\t\t\theight=\"125\"\n\t\t\t\t\tstyle=\"max-width:100%;\"\n\t\t\t\t\/>\n\t\t\t<\/a>\n\t\t<\/div>\n\t\t\t\t\t\t\t<\/div> \n\t\t\t\n\t\n\t<br style=\"clear: both\" \/>\n\n\t\n\t\t<!-- Pagination -->\n\t\t<div class='ngg-clear'><\/div>\t<\/div>\n\n","protected":false},"excerpt":{"rendered":"<p>Zimmer\u00fcberblick Alle Zimmer im Achilleos City Hotel sind mit viel Liebe zum Detail, innovativen Materialien und mit modernster Technik wie LCD-Fernsehern und der vollen Bandbreite an Anschlussm\u00f6glichkeiten eingerichtet worden, um ein perfektes Umfeld aus modernem Design und Lifestyle zu schaffen. Besondere Aufmerksamkeit wurde dabei auf die Raumdekoration gelegt, wodurch eine Fusion von Erd- und Meerelementen&#8230;<\/p>\n","protected":false},"author":7,"featured_media":0,"parent":0,"menu_order":0,"comment_status":"closed","ping_status":"closed","template":"","meta":{"ngg_post_thumbnail":0,"footnotes":""},"aioseo_notices":[],"_links":{"self":[{"href":"https:\/\/www.achilleoshotel.com\/de\/wp-json\/wp\/v2\/pages\/1675"}],"collection":[{"href":"https:\/\/www.achilleoshotel.com\/de\/wp-json\/wp\/v2\/pages"}],"about":[{"href":"https:\/\/www.achilleoshotel.com\/de\/wp-json\/wp\/v2\/types\/page"}],"author":[{"embeddable":true,"href":"https:\/\/www.achilleoshotel.com\/de\/wp-json\/wp\/v2\/users\/7"}],"replies":[{"embeddable":true,"href":"https:\/\/www.achilleoshotel.com\/de\/wp-json\/wp\/v2\/comments?post=1675"}],"version-history":[{"count":0,"href":"https:\/\/www.achilleoshotel.com\/de\/wp-json\/wp\/v2\/pages\/1675\/revisions"}],"wp:attachment":[{"href":"https:\/\/www.achilleoshotel.com\/de\/wp-json\/wp\/v2\/media?parent=1675"}],"curies":[{"name":"wp","href":"https:\/\/api.w.org\/{rel}","templated":true}]}}