{"id":1689,"date":"2013-08-31T17:31:11","date_gmt":"2013-08-31T14:31:11","guid":{"rendered":"https:\/\/www.achilleoshotel.com\/?page_id=1689"},"modified":"2013-09-01T11:02:05","modified_gmt":"2013-09-01T08:02:05","slug":"zimmerausstattung","status":"publish","type":"page","link":"https:\/\/www.achilleoshotel.com\/de\/zimmeruberblick\/grand-superior-zimmer\/zimmerausstattung","title":{"rendered":"Zimmerausstattung"},"content":{"rendered":"<h1>Zimmerausstattung<\/h1>\n<p><em>Ger\u00e4umiger als das Superior Zimmer, inklusive einem Sofa und Sessel, Kaffeetisch, zus\u00e4tzlichem\u00a0 TV, Slippers, weiteren Annehmlichkeiten und einem Whirlpool auf Anfrage<\/em><\/p>\n<p><em>\u00a0<\/em><\/p>\n<p><img loading=\"lazy\" decoding=\"async\" class=\"alignleft size-full wp-image-561 effectopacity\" title=\"sofa\" alt=\"1;0.3\" src=\"https:\/\/www.achilleoshotel.com\/wp-content\/uploads\/2011\/09\/sofa1.png\" width=\"38\" height=\"38\" \/> <img loading=\"lazy\" decoding=\"async\" class=\"alignleft size-full wp-image-562 effectopacity\" title=\"armchair\" alt=\"1;0.3\" src=\"https:\/\/www.achilleoshotel.com\/wp-content\/uploads\/2011\/09\/armchair1.png\" width=\"38\" height=\"38\" \/> <img loading=\"lazy\" decoding=\"async\" class=\"alignleft size-full wp-image-563 effectopacity\" title=\"coffee table\" alt=\"1;0.3\" src=\"https:\/\/www.achilleoshotel.com\/wp-content\/uploads\/2011\/09\/coffee-table.png\" width=\"38\" height=\"38\" \/> <img loading=\"lazy\" decoding=\"async\" class=\"alignleft size-full wp-image-564 effectopacity\" title=\"extra tv\" alt=\"1;0.3\" src=\"https:\/\/www.achilleoshotel.com\/wp-content\/uploads\/2011\/09\/hotel-services-icons-211.png\" width=\"38\" height=\"38\" \/> <img loading=\"lazy\" decoding=\"async\" class=\"alignleft size-full wp-image-565 effectopacity\" title=\"jacuzzi upon request\" alt=\"1;0.3\" src=\"https:\/\/www.achilleoshotel.com\/wp-content\/uploads\/2011\/09\/jacuzzi.png\" width=\"38\" height=\"38\" \/><\/p>\n<p><b><strong>Mini Bar<\/strong> <\/b><\/p>\n<p><img loading=\"lazy\" decoding=\"async\" class=\"effectopacity\" id=\"mini-icons\" title=\"mini bar\" alt=\"1;0.3\" src=\"https:\/\/www.achilleoshotel.com\/wp-content\/uploads\/2011\/09\/hotel-services-icons-28.png\" width=\"38\" height=\"38\" \/>Wir legen viel Wert auf modernes Wohnen sowie Komfort, daher sind alle Zimmer mit einer Minibar im Automatenstil ausgestattet, die Sie mit einer Auswahl an Getr\u00e4nken versorgt.<\/p>\n<p><b><strong>Verbindungspanel<\/strong> <\/b><\/p>\n<p><img loading=\"lazy\" decoding=\"async\" class=\"effectopacity\" id=\"mini-icons\" title=\"connectivity panel\" alt=\"1;0.3\" src=\"https:\/\/www.achilleoshotel.com\/wp-content\/uploads\/2011\/09\/hotel-services-icons-21.png\" width=\"38\" height=\"38\" \/>\u00dcber den Fernseher in Ihrem Zimmer steuern Sie eine Vielzahl von Unterhaltungsger\u00e4ten durch einfaches Plug-and-Play. Genie\u00dfen Sie einen Film Ihrer Wahl, h\u00f6ren Sie Ihre eigene Musik oder spielen Sie Videospiele, alles mit Hilfe des Verbindungspanels der neusten Generation. Durch die einfache Funktionalit\u00e4t, wird In-Room-Entertainment zum Erlebnis.<\/p>\n","protected":false},"excerpt":{"rendered":"<p>Zimmerausstattung Ger\u00e4umiger als das Superior Zimmer, inklusive einem Sofa und Sessel, Kaffeetisch, zus\u00e4tzlichem\u00a0 TV, Slippers, weiteren Annehmlichkeiten und einem Whirlpool auf Anfrage \u00a0 Mini Bar Wir legen viel Wert auf modernes Wohnen sowie Komfort, daher sind alle Zimmer mit einer Minibar im Automatenstil ausgestattet, die Sie mit einer Auswahl an Getr\u00e4nken versorgt. Verbindungspanel \u00dcber den&#8230;<\/p>\n","protected":false},"author":7,"featured_media":0,"parent":1687,"menu_order":0,"comment_status":"closed","ping_status":"closed","template":"","meta":{"ngg_post_thumbnail":0,"footnotes":""},"aioseo_notices":[],"_links":{"self":[{"href":"https:\/\/www.achilleoshotel.com\/de\/wp-json\/wp\/v2\/pages\/1689"}],"collection":[{"href":"https:\/\/www.achilleoshotel.com\/de\/wp-json\/wp\/v2\/pages"}],"about":[{"href":"https:\/\/www.achilleoshotel.com\/de\/wp-json\/wp\/v2\/types\/page"}],"author":[{"embeddable":true,"href":"https:\/\/www.achilleoshotel.com\/de\/wp-json\/wp\/v2\/users\/7"}],"replies":[{"embeddable":true,"href":"https:\/\/www.achilleoshotel.com\/de\/wp-json\/wp\/v2\/comments?post=1689"}],"version-history":[{"count":0,"href":"https:\/\/www.achilleoshotel.com\/de\/wp-json\/wp\/v2\/pages\/1689\/revisions"}],"up":[{"embeddable":true,"href":"https:\/\/www.achilleoshotel.com\/de\/wp-json\/wp\/v2\/pages\/1687"}],"wp:attachment":[{"href":"https:\/\/www.achilleoshotel.com\/de\/wp-json\/wp\/v2\/media?parent=1689"}],"curies":[{"name":"wp","href":"https:\/\/api.w.org\/{rel}","templated":true}]}}