{"id":1692,"date":"2013-08-31T17:34:34","date_gmt":"2013-08-31T14:34:34","guid":{"rendered":"https:\/\/www.achilleoshotel.com\/?page_id=1692"},"modified":"2013-09-01T11:01:56","modified_gmt":"2013-09-01T08:01:56","slug":"zimmerausstattung","status":"publish","type":"page","link":"https:\/\/www.achilleoshotel.com\/de\/zimmeruberblick\/standard-zimmer\/zimmerausstattung","title":{"rendered":"Zimmerausstattung"},"content":{"rendered":"<h1>Zimmerausstattung<\/h1>\n<p><strong>Mini Bar<\/strong><br \/>\n<img loading=\"lazy\" decoding=\"async\" id=\"mini-icons\" title=\"mini bar\" alt=\"mini bar\" src=\"https:\/\/www.achilleoshotel.com\/wp-content\/uploads\/2011\/09\/hotel-services-icons-28.png\" width=\"38\" height=\"38\" \/>Wir legen viel Wert auf modernes Wohnen sowie Komfort, daher sind alle Zimmer mit einer Minibar im Automatenstil ausgestattet, die Sie mit einer Auswahl an Getr\u00e4nken versorgt.<\/p>\n<p><strong>Verbindungspanel<\/strong><br \/>\n<img loading=\"lazy\" decoding=\"async\" id=\"mini-icons\" title=\"connectivity panel\" alt=\"connectivity panel\" src=\"https:\/\/www.achilleoshotel.com\/wp-content\/uploads\/2011\/09\/hotel-services-icons-21.png\" width=\"38\" height=\"38\" \/>\u00dcber den Fernseher in Ihrem Zimmer steuern Sie eine Vielzahl von Unterhaltungsger\u00e4ten durch einfaches Plug-and-Play. Genie\u00dfen Sie einen Film Ihrer Wahl, h\u00f6ren Sie Ihre eigene Musik oder spielen Sie Videospiele, alles mit Hilfe des Verbindungspanels der neusten Generation. Durch die einfache Funktionalit\u00e4t, wird In-Room-Entertainment zum Erlebnis.<\/p>\n<p><strong><br \/>\n<\/strong><\/p>\n","protected":false},"excerpt":{"rendered":"<p>Zimmerausstattung Mini Bar Wir legen viel Wert auf modernes Wohnen sowie Komfort, daher sind alle Zimmer mit einer Minibar im Automatenstil ausgestattet, die Sie mit einer Auswahl an Getr\u00e4nken versorgt. Verbindungspanel \u00dcber den Fernseher in Ihrem Zimmer steuern Sie eine Vielzahl von Unterhaltungsger\u00e4ten durch einfaches Plug-and-Play. Genie\u00dfen Sie einen Film Ihrer Wahl, h\u00f6ren Sie Ihre&#8230;<\/p>\n","protected":false},"author":7,"featured_media":0,"parent":1610,"menu_order":0,"comment_status":"closed","ping_status":"closed","template":"","meta":{"ngg_post_thumbnail":0,"footnotes":""},"aioseo_notices":[],"_links":{"self":[{"href":"https:\/\/www.achilleoshotel.com\/de\/wp-json\/wp\/v2\/pages\/1692"}],"collection":[{"href":"https:\/\/www.achilleoshotel.com\/de\/wp-json\/wp\/v2\/pages"}],"about":[{"href":"https:\/\/www.achilleoshotel.com\/de\/wp-json\/wp\/v2\/types\/page"}],"author":[{"embeddable":true,"href":"https:\/\/www.achilleoshotel.com\/de\/wp-json\/wp\/v2\/users\/7"}],"replies":[{"embeddable":true,"href":"https:\/\/www.achilleoshotel.com\/de\/wp-json\/wp\/v2\/comments?post=1692"}],"version-history":[{"count":0,"href":"https:\/\/www.achilleoshotel.com\/de\/wp-json\/wp\/v2\/pages\/1692\/revisions"}],"up":[{"embeddable":true,"href":"https:\/\/www.achilleoshotel.com\/de\/wp-json\/wp\/v2\/pages\/1610"}],"wp:attachment":[{"href":"https:\/\/www.achilleoshotel.com\/de\/wp-json\/wp\/v2\/media?parent=1692"}],"curies":[{"name":"wp","href":"https:\/\/api.w.org\/{rel}","templated":true}]}}