{"id":1702,"date":"2013-08-31T18:10:04","date_gmt":"2013-08-31T15:10:04","guid":{"rendered":"https:\/\/www.achilleoshotel.com\/?page_id=1702"},"modified":"2013-09-01T16:29:38","modified_gmt":"2013-09-01T13:29:38","slug":"komfort","status":"publish","type":"page","link":"https:\/\/www.achilleoshotel.com\/de\/einrichtungen\/komfort","title":{"rendered":"Komfort"},"content":{"rendered":"<h1>Amenities<\/h1>\n<p><img loading=\"lazy\" decoding=\"async\" class=\"alignleft size-full wp-image-906\" title=\"Amenities\" alt=\"Amenities\" src=\"https:\/\/www.achilleoshotel.com\/wp-content\/uploads\/2011\/09\/amenities-2.jpg\" width=\"530\" height=\"250\" \/><\/p>\n<p>Egal ob gesch\u00e4ftlich oder privat, Achilleos City Hotel bietet Ihnen den perfekten St\u00e4dtetrip. Ein renoviertes, zeitgen\u00f6ssisches Hotel mit modernem Interieur gepaart mit der W\u00e4rme und Komfort, den Sie ben\u00f6tigen. Unser Hotel liegt im Herzen der Stadt von Larnaka, abseits vom l\u00e4rmenden Verkehr. In unmittelbarer N\u00e4he unseres Hotels bieten sich viele Gesch\u00e4fts-, Einkaufs-, und Unterhaltungsm\u00f6glichkeiten. Der ber\u00fchmte Phinikoudes Strand, mit seiner von B\u00e4umen ges\u00e4umten Promenade, liegt nur 50 Meter vom Hotel entfernt und zum Flughafen von Larnaka gelangen Sie innerhalb von 10 Minuten. Das Achilleos City Hotel erf\u00fcllt alle Ihre Anspr\u00fcche, die Sie an ein Hotel stellen. Die ausgefeilte Mischung aus Stil und Komfort sowie der einladenden und angenehmen Service, werden Ihren Aufenthalt unvergesslich machen<\/p>\n","protected":false},"excerpt":{"rendered":"<p>Amenities Egal ob gesch\u00e4ftlich oder privat, Achilleos City Hotel bietet Ihnen den perfekten St\u00e4dtetrip. Ein renoviertes, zeitgen\u00f6ssisches Hotel mit modernem Interieur gepaart mit der W\u00e4rme und Komfort, den Sie ben\u00f6tigen. Unser Hotel liegt im Herzen der Stadt von Larnaka, abseits vom l\u00e4rmenden Verkehr. In unmittelbarer N\u00e4he unseres Hotels bieten sich viele Gesch\u00e4fts-, Einkaufs-, und Unterhaltungsm\u00f6glichkeiten&#8230;.<\/p>\n","protected":false},"author":7,"featured_media":0,"parent":1723,"menu_order":0,"comment_status":"closed","ping_status":"closed","template":"","meta":{"ngg_post_thumbnail":0,"footnotes":""},"aioseo_notices":[],"_links":{"self":[{"href":"https:\/\/www.achilleoshotel.com\/de\/wp-json\/wp\/v2\/pages\/1702"}],"collection":[{"href":"https:\/\/www.achilleoshotel.com\/de\/wp-json\/wp\/v2\/pages"}],"about":[{"href":"https:\/\/www.achilleoshotel.com\/de\/wp-json\/wp\/v2\/types\/page"}],"author":[{"embeddable":true,"href":"https:\/\/www.achilleoshotel.com\/de\/wp-json\/wp\/v2\/users\/7"}],"replies":[{"embeddable":true,"href":"https:\/\/www.achilleoshotel.com\/de\/wp-json\/wp\/v2\/comments?post=1702"}],"version-history":[{"count":0,"href":"https:\/\/www.achilleoshotel.com\/de\/wp-json\/wp\/v2\/pages\/1702\/revisions"}],"up":[{"embeddable":true,"href":"https:\/\/www.achilleoshotel.com\/de\/wp-json\/wp\/v2\/pages\/1723"}],"wp:attachment":[{"href":"https:\/\/www.achilleoshotel.com\/de\/wp-json\/wp\/v2\/media?parent=1702"}],"curies":[{"name":"wp","href":"https:\/\/api.w.org\/{rel}","templated":true}]}}