{"id":1704,"date":"2013-08-31T18:11:27","date_gmt":"2013-08-31T15:11:27","guid":{"rendered":"https:\/\/www.achilleoshotel.com\/?page_id=1704"},"modified":"2013-09-01T16:28:13","modified_gmt":"2013-09-01T13:28:13","slug":"businessraum","status":"publish","type":"page","link":"https:\/\/www.achilleoshotel.com\/de\/einrichtungen\/businessraum","title":{"rendered":"Businessraum"},"content":{"rendered":"<h1>Businessraum<\/h1>\n<p><img loading=\"lazy\" decoding=\"async\" class=\"alignnone size-full wp-image-579\" id=\"mini-icons\" title=\"business room\" alt=\"business room\" src=\"https:\/\/www.achilleoshotel.com\/wp-content\/uploads\/2011\/09\/business-room.png\" width=\"38\" height=\"38\" \/>Kein City Hotel w\u00e4re ohne einen Businessraum komplett. Sie finden hier alles was Sie f\u00fcr Ihre gesch\u00e4ftlichen Aktivit\u00e4ten brauchen: Kopierer, Fax, Telefone, Computer<\/p>\n","protected":false},"excerpt":{"rendered":"<p>Businessraum Kein City Hotel w\u00e4re ohne einen Businessraum komplett. Sie finden hier alles was Sie f\u00fcr Ihre gesch\u00e4ftlichen Aktivit\u00e4ten brauchen: Kopierer, Fax, Telefone, Computer<\/p>\n","protected":false},"author":7,"featured_media":0,"parent":1723,"menu_order":0,"comment_status":"closed","ping_status":"closed","template":"","meta":{"ngg_post_thumbnail":0,"footnotes":""},"aioseo_notices":[],"_links":{"self":[{"href":"https:\/\/www.achilleoshotel.com\/de\/wp-json\/wp\/v2\/pages\/1704"}],"collection":[{"href":"https:\/\/www.achilleoshotel.com\/de\/wp-json\/wp\/v2\/pages"}],"about":[{"href":"https:\/\/www.achilleoshotel.com\/de\/wp-json\/wp\/v2\/types\/page"}],"author":[{"embeddable":true,"href":"https:\/\/www.achilleoshotel.com\/de\/wp-json\/wp\/v2\/users\/7"}],"replies":[{"embeddable":true,"href":"https:\/\/www.achilleoshotel.com\/de\/wp-json\/wp\/v2\/comments?post=1704"}],"version-history":[{"count":0,"href":"https:\/\/www.achilleoshotel.com\/de\/wp-json\/wp\/v2\/pages\/1704\/revisions"}],"up":[{"embeddable":true,"href":"https:\/\/www.achilleoshotel.com\/de\/wp-json\/wp\/v2\/pages\/1723"}],"wp:attachment":[{"href":"https:\/\/www.achilleoshotel.com\/de\/wp-json\/wp\/v2\/media?parent=1704"}],"curies":[{"name":"wp","href":"https:\/\/api.w.org\/{rel}","templated":true}]}}