{"id":1707,"date":"2013-08-31T18:12:41","date_gmt":"2013-08-31T15:12:41","guid":{"rendered":"https:\/\/www.achilleoshotel.com\/?page_id=1707"},"modified":"2013-09-01T16:29:46","modified_gmt":"2013-09-01T13:29:46","slug":"kaffee","status":"publish","type":"page","link":"https:\/\/www.achilleoshotel.com\/de\/einrichtungen\/kaffee","title":{"rendered":"Kaffee"},"content":{"rendered":"<h1>Kaffee<\/h1>\n<p><img loading=\"lazy\" decoding=\"async\" class=\"alignnone size-full wp-image-717\" title=\"Coffee\" alt=\"Coffee\" src=\"https:\/\/www.achilleoshotel.com\/wp-content\/uploads\/2011\/10\/coffee.jpg\" width=\"530\" height=\"250\" \/><\/p>\n<p><img loading=\"lazy\" decoding=\"async\" class=\"alignnone size-full wp-image-591\" id=\"mini-icons\" title=\"coffee table\" alt=\"coffee table\" src=\"https:\/\/www.achilleoshotel.com\/wp-content\/uploads\/2011\/10\/coffee-table.png\" width=\"38\" height=\"38\" \/>Lassen Sie sich durch den Geruch von frischen Kaffee wecken. Jedes Zimmer verf\u00fcgt \u00fcber eine Kaffeemaschine, mit einer Auswahl verschiedener Kaffeepads, damit Sie Ihren Kaffee so genie\u00dfen k\u00f6nnen, wie Sie es m\u00f6gen.<\/p>\n","protected":false},"excerpt":{"rendered":"<p>Kaffee Lassen Sie sich durch den Geruch von frischen Kaffee wecken. Jedes Zimmer verf\u00fcgt \u00fcber eine Kaffeemaschine, mit einer Auswahl verschiedener Kaffeepads, damit Sie Ihren Kaffee so genie\u00dfen k\u00f6nnen, wie Sie es m\u00f6gen.<\/p>\n","protected":false},"author":7,"featured_media":0,"parent":1723,"menu_order":0,"comment_status":"closed","ping_status":"closed","template":"","meta":{"ngg_post_thumbnail":0,"footnotes":""},"aioseo_notices":[],"_links":{"self":[{"href":"https:\/\/www.achilleoshotel.com\/de\/wp-json\/wp\/v2\/pages\/1707"}],"collection":[{"href":"https:\/\/www.achilleoshotel.com\/de\/wp-json\/wp\/v2\/pages"}],"about":[{"href":"https:\/\/www.achilleoshotel.com\/de\/wp-json\/wp\/v2\/types\/page"}],"author":[{"embeddable":true,"href":"https:\/\/www.achilleoshotel.com\/de\/wp-json\/wp\/v2\/users\/7"}],"replies":[{"embeddable":true,"href":"https:\/\/www.achilleoshotel.com\/de\/wp-json\/wp\/v2\/comments?post=1707"}],"version-history":[{"count":0,"href":"https:\/\/www.achilleoshotel.com\/de\/wp-json\/wp\/v2\/pages\/1707\/revisions"}],"up":[{"embeddable":true,"href":"https:\/\/www.achilleoshotel.com\/de\/wp-json\/wp\/v2\/pages\/1723"}],"wp:attachment":[{"href":"https:\/\/www.achilleoshotel.com\/de\/wp-json\/wp\/v2\/media?parent=1707"}],"curies":[{"name":"wp","href":"https:\/\/api.w.org\/{rel}","templated":true}]}}