{"id":1710,"date":"2013-08-31T18:13:38","date_gmt":"2013-08-31T15:13:38","guid":{"rendered":"https:\/\/www.achilleoshotel.com\/?page_id=1710"},"modified":"2013-09-01T16:29:59","modified_gmt":"2013-09-01T13:29:59","slug":"konferenzzimmer","status":"publish","type":"page","link":"https:\/\/www.achilleoshotel.com\/de\/einrichtungen\/konferenzzimmer","title":{"rendered":"Konferenzzimmer"},"content":{"rendered":"<h1>Conference Room<\/h1>\n<p><img loading=\"lazy\" decoding=\"async\" class=\"alignnone size-full wp-image-714\" title=\"Conference Room\" alt=\"Conference Room\" src=\"https:\/\/www.achilleoshotel.com\/wp-content\/uploads\/2011\/09\/conference-room.jpg\" width=\"530\" height=\"250\" \/><\/p>\n<p><img loading=\"lazy\" decoding=\"async\" class=\"alignnone size-full wp-image-585\" id=\"mini-icons\" title=\"conference\" alt=\"conference\" src=\"https:\/\/www.achilleoshotel.com\/wp-content\/uploads\/2011\/09\/conference.png\" width=\"38\" height=\"38\" \/>Auch bei gr\u00f6\u00dferen gesch\u00e4ftlichen Veranstaltungen, m\u00f6chten wir Ihnen mit unserem Konferenzraum behilflich sein. Der Konferenzraum bietet 30 Personen Platz und schafft eine ideale Atmosph\u00e4re, auch f\u00fcr private Veranstaltungen.<\/p>\n","protected":false},"excerpt":{"rendered":"<p>Conference Room Auch bei gr\u00f6\u00dferen gesch\u00e4ftlichen Veranstaltungen, m\u00f6chten wir Ihnen mit unserem Konferenzraum behilflich sein. Der Konferenzraum bietet 30 Personen Platz und schafft eine ideale Atmosph\u00e4re, auch f\u00fcr private Veranstaltungen.<\/p>\n","protected":false},"author":7,"featured_media":0,"parent":1723,"menu_order":0,"comment_status":"closed","ping_status":"closed","template":"","meta":{"ngg_post_thumbnail":0,"footnotes":""},"aioseo_notices":[],"_links":{"self":[{"href":"https:\/\/www.achilleoshotel.com\/de\/wp-json\/wp\/v2\/pages\/1710"}],"collection":[{"href":"https:\/\/www.achilleoshotel.com\/de\/wp-json\/wp\/v2\/pages"}],"about":[{"href":"https:\/\/www.achilleoshotel.com\/de\/wp-json\/wp\/v2\/types\/page"}],"author":[{"embeddable":true,"href":"https:\/\/www.achilleoshotel.com\/de\/wp-json\/wp\/v2\/users\/7"}],"replies":[{"embeddable":true,"href":"https:\/\/www.achilleoshotel.com\/de\/wp-json\/wp\/v2\/comments?post=1710"}],"version-history":[{"count":0,"href":"https:\/\/www.achilleoshotel.com\/de\/wp-json\/wp\/v2\/pages\/1710\/revisions"}],"up":[{"embeddable":true,"href":"https:\/\/www.achilleoshotel.com\/de\/wp-json\/wp\/v2\/pages\/1723"}],"wp:attachment":[{"href":"https:\/\/www.achilleoshotel.com\/de\/wp-json\/wp\/v2\/media?parent=1710"}],"curies":[{"name":"wp","href":"https:\/\/api.w.org\/{rel}","templated":true}]}}