{"id":1712,"date":"2013-08-31T18:15:11","date_gmt":"2013-08-31T15:15:11","guid":{"rendered":"https:\/\/www.achilleoshotel.com\/?page_id=1712"},"modified":"2013-09-01T16:29:04","modified_gmt":"2013-09-01T13:29:04","slug":"fitness-center","status":"publish","type":"page","link":"https:\/\/www.achilleoshotel.com\/de\/einrichtungen\/fitness-center","title":{"rendered":"Fitness Center"},"content":{"rendered":"<h1>Fitness Center<\/h1>\n<p><img loading=\"lazy\" decoding=\"async\" class=\"alignnone size-full wp-image-588\" id=\"mini-icons\" title=\"fitness room\" alt=\"fitness room\" src=\"https:\/\/www.achilleoshotel.com\/wp-content\/uploads\/2011\/09\/fitness-room.png\" width=\"38\" height=\"38\" \/>Eines frisch renoviertes und ausgestattetes Fitness Center bietet Ihnen verschiedene Kraft- und Ausdauerger\u00e4te, wie Laufb\u00e4nder und Fahrr\u00e4der, sowie freie Gewichte. Zus\u00e4tzlichen finden Sie hier zwei Fernseher, Lesestoff und Handt\u00fccher.<\/p>\n","protected":false},"excerpt":{"rendered":"<p>Fitness Center Eines frisch renoviertes und ausgestattetes Fitness Center bietet Ihnen verschiedene Kraft- und Ausdauerger\u00e4te, wie Laufb\u00e4nder und Fahrr\u00e4der, sowie freie Gewichte. Zus\u00e4tzlichen finden Sie hier zwei Fernseher, Lesestoff und Handt\u00fccher.<\/p>\n","protected":false},"author":7,"featured_media":0,"parent":1723,"menu_order":0,"comment_status":"closed","ping_status":"closed","template":"","meta":{"ngg_post_thumbnail":0,"footnotes":""},"aioseo_notices":[],"_links":{"self":[{"href":"https:\/\/www.achilleoshotel.com\/de\/wp-json\/wp\/v2\/pages\/1712"}],"collection":[{"href":"https:\/\/www.achilleoshotel.com\/de\/wp-json\/wp\/v2\/pages"}],"about":[{"href":"https:\/\/www.achilleoshotel.com\/de\/wp-json\/wp\/v2\/types\/page"}],"author":[{"embeddable":true,"href":"https:\/\/www.achilleoshotel.com\/de\/wp-json\/wp\/v2\/users\/7"}],"replies":[{"embeddable":true,"href":"https:\/\/www.achilleoshotel.com\/de\/wp-json\/wp\/v2\/comments?post=1712"}],"version-history":[{"count":0,"href":"https:\/\/www.achilleoshotel.com\/de\/wp-json\/wp\/v2\/pages\/1712\/revisions"}],"up":[{"embeddable":true,"href":"https:\/\/www.achilleoshotel.com\/de\/wp-json\/wp\/v2\/pages\/1723"}],"wp:attachment":[{"href":"https:\/\/www.achilleoshotel.com\/de\/wp-json\/wp\/v2\/media?parent=1712"}],"curies":[{"name":"wp","href":"https:\/\/api.w.org\/{rel}","templated":true}]}}