{"id":1714,"date":"2013-08-31T18:17:25","date_gmt":"2013-08-31T15:17:25","guid":{"rendered":"https:\/\/www.achilleoshotel.com\/?page_id=1714"},"modified":"2013-09-01T16:30:26","modified_gmt":"2013-09-01T13:30:26","slug":"zimmerbeleuchtung","status":"publish","type":"page","link":"https:\/\/www.achilleoshotel.com\/de\/einrichtungen\/zimmerbeleuchtung","title":{"rendered":"Zimmerbeleuchtung"},"content":{"rendered":"<h1 style=\"text-align: justify;\">Zimmerbeleuchtung<\/h1>\n<p><img loading=\"lazy\" decoding=\"async\" class=\"alignleft size-full wp-image-765\" title=\"lighting\" alt=\"lighting\" src=\"https:\/\/www.achilleoshotel.com\/wp-content\/uploads\/2011\/10\/superior.jpg\" width=\"530\" height=\"250\" \/><\/p>\n<p style=\"text-align: justify;\"><img loading=\"lazy\" decoding=\"async\" class=\"alignleft size-full wp-image-593\" id=\"mini-icons\" title=\"lightning\" alt=\"lightning\" src=\"https:\/\/www.achilleoshotel.com\/wp-content\/uploads\/2011\/10\/lightning.png\" width=\"38\" height=\"38\" \/><\/p>\n<p>Alle Zimmer des Hotels sind mit modernster Beleuchtungstechnik ausgestattet, um Ihrer Stimmungslage angepasst zu werden. Wir m\u00f6chten f\u00fcr Sie eine ruhige und entspannte Atmosph\u00e4re mit tollem Ambiente, das durch die Lichttechnik entsteht, schaffen.<\/p>\n","protected":false},"excerpt":{"rendered":"<p>Zimmerbeleuchtung Alle Zimmer des Hotels sind mit modernster Beleuchtungstechnik ausgestattet, um Ihrer Stimmungslage angepasst zu werden. Wir m\u00f6chten f\u00fcr Sie eine ruhige und entspannte Atmosph\u00e4re mit tollem Ambiente, das durch die Lichttechnik entsteht, schaffen.<\/p>\n","protected":false},"author":7,"featured_media":0,"parent":1723,"menu_order":0,"comment_status":"closed","ping_status":"closed","template":"","meta":{"ngg_post_thumbnail":0,"footnotes":""},"aioseo_notices":[],"_links":{"self":[{"href":"https:\/\/www.achilleoshotel.com\/de\/wp-json\/wp\/v2\/pages\/1714"}],"collection":[{"href":"https:\/\/www.achilleoshotel.com\/de\/wp-json\/wp\/v2\/pages"}],"about":[{"href":"https:\/\/www.achilleoshotel.com\/de\/wp-json\/wp\/v2\/types\/page"}],"author":[{"embeddable":true,"href":"https:\/\/www.achilleoshotel.com\/de\/wp-json\/wp\/v2\/users\/7"}],"replies":[{"embeddable":true,"href":"https:\/\/www.achilleoshotel.com\/de\/wp-json\/wp\/v2\/comments?post=1714"}],"version-history":[{"count":0,"href":"https:\/\/www.achilleoshotel.com\/de\/wp-json\/wp\/v2\/pages\/1714\/revisions"}],"up":[{"embeddable":true,"href":"https:\/\/www.achilleoshotel.com\/de\/wp-json\/wp\/v2\/pages\/1723"}],"wp:attachment":[{"href":"https:\/\/www.achilleoshotel.com\/de\/wp-json\/wp\/v2\/media?parent=1714"}],"curies":[{"name":"wp","href":"https:\/\/api.w.org\/{rel}","templated":true}]}}