{"id":1719,"date":"2013-08-31T18:19:22","date_gmt":"2013-08-31T15:19:22","guid":{"rendered":"https:\/\/www.achilleoshotel.com\/?page_id=1719"},"modified":"2013-09-01T16:30:09","modified_gmt":"2013-09-01T13:30:09","slug":"spa","status":"publish","type":"page","link":"https:\/\/www.achilleoshotel.com\/de\/einrichtungen\/spa","title":{"rendered":"Spa"},"content":{"rendered":"<h1>Spa<\/h1>\n<p><a href=\"http:\/\/www.earthspa.com.cy\/\"><img loading=\"lazy\" decoding=\"async\" class=\"alignleft size-full wp-image-771\" title=\"earth spa\" alt=\"earth spa\" src=\"https:\/\/www.achilleoshotel.com\/wp-content\/uploads\/2011\/09\/earth-spa.jpg\" width=\"530\" height=\"250\" \/><\/a><br \/>\n<a href=\"http:\/\/www.earthspa.com.cy\/\"><img loading=\"lazy\" decoding=\"async\" class=\"alignleft size-full wp-image-772\" title=\"asian room\" alt=\"asian room\" src=\"https:\/\/www.achilleoshotel.com\/wp-content\/uploads\/2011\/09\/asian1.jpg\" width=\"530\" height=\"250\" \/><\/a><\/p>\n<p><img loading=\"lazy\" decoding=\"async\" class=\"alignnone size-full wp-image-595\" id=\"mini-icons\" title=\"jacuzzi\" alt=\"jacuzzi\" src=\"https:\/\/www.achilleoshotel.com\/wp-content\/uploads\/2011\/09\/jacuzzi1.png\" width=\"38\" height=\"38\" \/>Achilleos City Hotel in Kooperation mit Earth Spa and Wellness Centre bietet Ihnen die M\u00f6glichkeit vom Alltagsstress abzuschalten und sich zu erholen. Nur 10 Minuten vom Hotel entfernt wartet Earth Spa and Wellness Centre auf Sie, um Sie mit nat\u00fcrlichen, umweltfreundlichen Produkten zu verw\u00f6hnen. Die atemberaubende Innenausstattung, die von der Natur inspiriert worden ist, bietet dabei den Rahmen f\u00fcr exklusive k\u00f6rperliche und mentale Behandlungen, bei denen Sie im Mittelpunkt stehen.<\/p>\n","protected":false},"excerpt":{"rendered":"<p>Spa Achilleos City Hotel in Kooperation mit Earth Spa and Wellness Centre bietet Ihnen die M\u00f6glichkeit vom Alltagsstress abzuschalten und sich zu erholen. Nur 10 Minuten vom Hotel entfernt wartet Earth Spa and Wellness Centre auf Sie, um Sie mit nat\u00fcrlichen, umweltfreundlichen Produkten zu verw\u00f6hnen. Die atemberaubende Innenausstattung, die von der Natur inspiriert worden ist,&#8230;<\/p>\n","protected":false},"author":7,"featured_media":0,"parent":1723,"menu_order":0,"comment_status":"closed","ping_status":"closed","template":"","meta":{"ngg_post_thumbnail":0,"footnotes":""},"aioseo_notices":[],"_links":{"self":[{"href":"https:\/\/www.achilleoshotel.com\/de\/wp-json\/wp\/v2\/pages\/1719"}],"collection":[{"href":"https:\/\/www.achilleoshotel.com\/de\/wp-json\/wp\/v2\/pages"}],"about":[{"href":"https:\/\/www.achilleoshotel.com\/de\/wp-json\/wp\/v2\/types\/page"}],"author":[{"embeddable":true,"href":"https:\/\/www.achilleoshotel.com\/de\/wp-json\/wp\/v2\/users\/7"}],"replies":[{"embeddable":true,"href":"https:\/\/www.achilleoshotel.com\/de\/wp-json\/wp\/v2\/comments?post=1719"}],"version-history":[{"count":0,"href":"https:\/\/www.achilleoshotel.com\/de\/wp-json\/wp\/v2\/pages\/1719\/revisions"}],"up":[{"embeddable":true,"href":"https:\/\/www.achilleoshotel.com\/de\/wp-json\/wp\/v2\/pages\/1723"}],"wp:attachment":[{"href":"https:\/\/www.achilleoshotel.com\/de\/wp-json\/wp\/v2\/media?parent=1719"}],"curies":[{"name":"wp","href":"https:\/\/api.w.org\/{rel}","templated":true}]}}